{"id":7972,"date":"2021-07-08T05:36:07","date_gmt":"2021-07-08T05:36:07","guid":{"rendered":"https:\/\/losthorizon.farm\/?page_id=7972"},"modified":"2021-11-02T07:08:40","modified_gmt":"2021-11-02T07:08:40","slug":"terms-conditions","status":"publish","type":"page","link":"https:\/\/losthorizon.farm\/en\/terms-conditions\/","title":{"rendered":"Terms &#038; Conditions"},"content":{"rendered":"\n<p>Allgemeine Gesch\u00e4ftsbedingungen (AGB)<\/p>\n\n\n\n<p><strong>\u00a7 1 Verwender<\/strong><br>Als Verwender dieser AGB gilt:<\/p>\n\n\n\n<p>Buddelship Brauerei GmbH Beim Andreasbrunnen 2 20249 Hamburg<br>Email: <a href=\"mailto:info@losthorizon.farm\">info@losthorizon.farm<\/a><br>Web: <a href=\"https:\/\/losthorizon.farm\">www.buddelship.de<\/a><br>B\u00fcro: 0 40 \/ 5480 9800<br>Gesch\u00e4ftsf\u00fchrer: Simon Siemsgl\u00fcss Registergericht: Amtsgericht Hamburg<br>Registernummer: HRB 129615 Ust.ID: DE292197398<\/p>\n\n\n\n<p><strong>\u00a7 2 Geltungsbereich<\/strong><br>Diese Allgemeinen Gesch\u00e4ftsbedingungen gelten f\u00fcr alle Rechtsgesch\u00e4fte zwischen dem Verwender und einem Verbraucher (Gem\u00e4\u00df \u00a7 13 BGB einer \u201enat\u00fcrlichen Person, die ein Rechtsgesch\u00e4ft zu Zwecken abschlie\u00dft, die \u00fcberwiegend weder ihrer gewerblichen noch ihrer selbst\u00e4ndigen beruflichen T\u00e4tigkeit zugerechnet werden k\u00f6nnen\u201c).<\/p>\n\n\n\n<p><strong>\u00a7 3 Vertragsschluss und Speicherung des Vertragstextes<\/strong><br>Die Bestimmungen dieser AGB gelten f\u00fcr Bestellungen, welche Verbraucher \u00fcber die Website www.buddelship.de des Onlineshops Buddelship abschlie\u00dfen.<\/p>\n\n\n\n<p>Der Vertrag kommt mit dem Verwender (siehe \u00a7 1) zustande.<\/p>\n\n\n\n<p>Die Vorstellung und Beschreibung der Waren auf der Internetseite des Buddelships www.buddelship.de stellt kein Vertragsangebot dar.<\/p>\n\n\n\n<p>Mit der Bestellung einer Ware durch einen Klick auf den Button \u201ekostenpflichtig bestellen\u201c am Ende des Bestellvorgangs gibt ein Verbraucher ein verbindliches Angebot auf einen Kaufvertragsabschluss ab. Erst mit dem Versand einer Auftragsbest\u00e4tigung per E-Mail durch den Verwender kommt der Vertragsschluss zustande.<\/p>\n\n\n\n<p>Der Vertragstext wird bei Bestellungen gespeichert. Verbraucher erhalten eine E-Mail mit den Bestelldaten und den geltenden AGB. Nach Vertragsschluss sind die Bestelldaten nicht mehr online einsehbar.<\/p>\n\n\n\n<p><strong>\u00a7 4 Zahlung<\/strong><br>Die gesetzliche Umsatzsteuer sowie weitere Preisbestandteile sind in den angegebenen Preisen inbegriffen. Versandkosten sind nicht im angezeigten Preis enthalten und k\u00f6nnen ggf. zus\u00e4tzlich anfallen.<br>Verbrauchern stehen folgende Zahlungsoptionen zur Verf\u00fcgung:<\/p>\n\n\n\n<p>Paypal<\/p>\n\n\n\n<p><strong>\u00a7 5 Lieferung, Lieferungsbeschr\u00e4nkungen<\/strong><br>Die Lieferung erfolgt \u2013 sofern die Beschreibung eines gew\u00e4hlten Produkts nicht explizit Abweichendes festlegt \u2013 innerhalb von 7 Werktagen.<br>Diese Frist beginnt im Falle der Zahlung via \u00dcberweisung oder Paypal am Tag nach Erteilung des Zahlungsauftrages zu laufen.<\/p>\n\n\n\n<p><strong>\u00a7 6 Gefahren\u00fcbergang<\/strong><br>Das Risiko einer zuf\u00e4lligen Verschlechterung oder einem zuf\u00e4lligen Verlust der Ware liegt bis zur \u00dcbergabe der Ware beim Verwender und geht es mit der \u00dcbergabe auf den Verbraucher \u00fcber.<\/p>\n\n\n\n<p><strong>\u00a7 7 Eigentumsvorbehalt<\/strong><br>Bis zum vollst\u00e4ndigen Empfang des Kaufpreises beh\u00e4lt sich der Verwender das Eigentum an der Ware vor.<\/p>\n\n\n\n<p><strong>\u00a7 8 Gew\u00e4hrleistung<\/strong><br>Die gesetzlichen Gew\u00e4hrleistungsregelungen gelten.<\/p>\n","protected":false},"excerpt":{"rendered":"<p>Allgemeine Gesch\u00e4ftsbedingungen (AGB) \u00a7 1 VerwenderAls Verwender dieser AGB gilt: Buddelship Brauerei GmbH Beim Andreasbrunnen 2 20249 HamburgEmail: info@losthorizon.farmWeb: www.buddelship.deB\u00fcro: 0 40 \/ 5480 9800Gesch\u00e4ftsf\u00fchrer: Simon Siemsgl\u00fcss Registergericht: Amtsgericht HamburgRegisternummer: HRB 129615 Ust.ID: DE292197398 \u00a7 2 GeltungsbereichDiese Allgemeinen Gesch\u00e4ftsbedingungen gelten [&hellip;]<\/p>\n","protected":false},"author":1,"featured_media":0,"parent":0,"menu_order":0,"comment_status":"closed","ping_status":"closed","template":"","meta":{"_acf_changed":false,"inline_featured_image":false,"footnotes":""},"class_list":["post-7972","page","type-page","status-publish","hentry"],"acf":[],"yoast_head":"<!-- This site is optimized with the Yoast SEO plugin v24.9 - https:\/\/yoast.com\/wordpress\/plugins\/seo\/ -->\n<title>Terms &amp; Conditions - Lost Horizon Farm<\/title>\n<meta name=\"robots\" content=\"index, follow, max-snippet:-1, max-image-preview:large, max-video-preview:-1\" \/>\n<link rel=\"canonical\" href=\"https:\/\/losthorizon.farm\/en\/terms-conditions\/\" \/>\n<meta property=\"og:locale\" content=\"en_US\" \/>\n<meta property=\"og:type\" content=\"article\" \/>\n<meta property=\"og:title\" content=\"Terms &amp; Conditions - Lost Horizon Farm\" \/>\n<meta property=\"og:description\" content=\"Allgemeine Gesch\u00e4ftsbedingungen (AGB) \u00a7 1 VerwenderAls Verwender dieser AGB gilt: Buddelship Brauerei GmbH Beim Andreasbrunnen 2 20249 HamburgEmail: info@losthorizon.farmWeb: www.buddelship.deB\u00fcro: 0 40 \/ 5480 9800Gesch\u00e4ftsf\u00fchrer: Simon Siemsgl\u00fcss Registergericht: Amtsgericht HamburgRegisternummer: HRB 129615 Ust.ID: DE292197398 \u00a7 2 GeltungsbereichDiese Allgemeinen Gesch\u00e4ftsbedingungen gelten [&hellip;]\" \/>\n<meta property=\"og:url\" content=\"https:\/\/losthorizon.farm\/en\/terms-conditions\/\" \/>\n<meta property=\"og:site_name\" content=\"Lost Horizon Farm\" \/>\n<meta property=\"article:modified_time\" content=\"2021-11-02T07:08:40+00:00\" \/>\n<meta name=\"twitter:card\" content=\"summary_large_image\" \/>\n<meta name=\"twitter:label1\" content=\"Est. reading time\" \/>\n\t<meta name=\"twitter:data1\" content=\"2 minutes\" \/>\n<script type=\"application\/ld+json\" class=\"yoast-schema-graph\">{\"@context\":\"https:\/\/schema.org\",\"@graph\":[{\"@type\":\"WebPage\",\"@id\":\"https:\/\/losthorizon.farm\/en\/terms-conditions\/\",\"url\":\"https:\/\/losthorizon.farm\/en\/terms-conditions\/\",\"name\":\"Terms & Conditions - Lost Horizon Farm\",\"isPartOf\":{\"@id\":\"https:\/\/www.losthorizon.farm\/#website\"},\"datePublished\":\"2021-07-08T05:36:07+00:00\",\"dateModified\":\"2021-11-02T07:08:40+00:00\",\"breadcrumb\":{\"@id\":\"https:\/\/losthorizon.farm\/en\/terms-conditions\/#breadcrumb\"},\"inLanguage\":\"en-US\",\"potentialAction\":[{\"@type\":\"ReadAction\",\"target\":[\"https:\/\/losthorizon.farm\/en\/terms-conditions\/\"]}]},{\"@type\":\"BreadcrumbList\",\"@id\":\"https:\/\/losthorizon.farm\/en\/terms-conditions\/#breadcrumb\",\"itemListElement\":[{\"@type\":\"ListItem\",\"position\":1,\"name\":\"Startseite\",\"item\":\"https:\/\/www.losthorizon.farm\/en\/\"},{\"@type\":\"ListItem\",\"position\":2,\"name\":\"Terms &#038; Conditions\"}]},{\"@type\":\"WebSite\",\"@id\":\"https:\/\/www.losthorizon.farm\/#website\",\"url\":\"https:\/\/www.losthorizon.farm\/\",\"name\":\"Lost Horizon Farm\",\"description\":\"Farmhouse Ales and Spirits\",\"potentialAction\":[{\"@type\":\"SearchAction\",\"target\":{\"@type\":\"EntryPoint\",\"urlTemplate\":\"https:\/\/www.losthorizon.farm\/?s={search_term_string}\"},\"query-input\":{\"@type\":\"PropertyValueSpecification\",\"valueRequired\":true,\"valueName\":\"search_term_string\"}}],\"inLanguage\":\"en-US\"}]}<\/script>\n<!-- \/ Yoast SEO plugin. -->","yoast_head_json":{"title":"Terms & Conditions - Lost Horizon Farm","robots":{"index":"index","follow":"follow","max-snippet":"max-snippet:-1","max-image-preview":"max-image-preview:large","max-video-preview":"max-video-preview:-1"},"canonical":"https:\/\/losthorizon.farm\/en\/terms-conditions\/","og_locale":"en_US","og_type":"article","og_title":"Terms & Conditions - Lost Horizon Farm","og_description":"Allgemeine Gesch\u00e4ftsbedingungen (AGB) \u00a7 1 VerwenderAls Verwender dieser AGB gilt: Buddelship Brauerei GmbH Beim Andreasbrunnen 2 20249 HamburgEmail: info@losthorizon.farmWeb: www.buddelship.deB\u00fcro: 0 40 \/ 5480 9800Gesch\u00e4ftsf\u00fchrer: Simon Siemsgl\u00fcss Registergericht: Amtsgericht HamburgRegisternummer: HRB 129615 Ust.ID: DE292197398 \u00a7 2 GeltungsbereichDiese Allgemeinen Gesch\u00e4ftsbedingungen gelten [&hellip;]","og_url":"https:\/\/losthorizon.farm\/en\/terms-conditions\/","og_site_name":"Lost Horizon Farm","article_modified_time":"2021-11-02T07:08:40+00:00","twitter_card":"summary_large_image","twitter_misc":{"Est. reading time":"2 minutes"},"schema":{"@context":"https:\/\/schema.org","@graph":[{"@type":"WebPage","@id":"https:\/\/losthorizon.farm\/en\/terms-conditions\/","url":"https:\/\/losthorizon.farm\/en\/terms-conditions\/","name":"Terms & Conditions - Lost Horizon Farm","isPartOf":{"@id":"https:\/\/www.losthorizon.farm\/#website"},"datePublished":"2021-07-08T05:36:07+00:00","dateModified":"2021-11-02T07:08:40+00:00","breadcrumb":{"@id":"https:\/\/losthorizon.farm\/en\/terms-conditions\/#breadcrumb"},"inLanguage":"en-US","potentialAction":[{"@type":"ReadAction","target":["https:\/\/losthorizon.farm\/en\/terms-conditions\/"]}]},{"@type":"BreadcrumbList","@id":"https:\/\/losthorizon.farm\/en\/terms-conditions\/#breadcrumb","itemListElement":[{"@type":"ListItem","position":1,"name":"Startseite","item":"https:\/\/www.losthorizon.farm\/en\/"},{"@type":"ListItem","position":2,"name":"Terms &#038; Conditions"}]},{"@type":"WebSite","@id":"https:\/\/www.losthorizon.farm\/#website","url":"https:\/\/www.losthorizon.farm\/","name":"Lost Horizon Farm","description":"Farmhouse Ales and Spirits","potentialAction":[{"@type":"SearchAction","target":{"@type":"EntryPoint","urlTemplate":"https:\/\/www.losthorizon.farm\/?s={search_term_string}"},"query-input":{"@type":"PropertyValueSpecification","valueRequired":true,"valueName":"search_term_string"}}],"inLanguage":"en-US"}]}},"_links":{"self":[{"href":"https:\/\/losthorizon.farm\/en\/wp-json\/wp\/v2\/pages\/7972","targetHints":{"allow":["GET"]}}],"collection":[{"href":"https:\/\/losthorizon.farm\/en\/wp-json\/wp\/v2\/pages"}],"about":[{"href":"https:\/\/losthorizon.farm\/en\/wp-json\/wp\/v2\/types\/page"}],"author":[{"embeddable":true,"href":"https:\/\/losthorizon.farm\/en\/wp-json\/wp\/v2\/users\/1"}],"replies":[{"embeddable":true,"href":"https:\/\/losthorizon.farm\/en\/wp-json\/wp\/v2\/comments?post=7972"}],"version-history":[{"count":3,"href":"https:\/\/losthorizon.farm\/en\/wp-json\/wp\/v2\/pages\/7972\/revisions"}],"predecessor-version":[{"id":8458,"href":"https:\/\/losthorizon.farm\/en\/wp-json\/wp\/v2\/pages\/7972\/revisions\/8458"}],"wp:attachment":[{"href":"https:\/\/losthorizon.farm\/en\/wp-json\/wp\/v2\/media?parent=7972"}],"curies":[{"name":"wp","href":"https:\/\/api.w.org\/{rel}","templated":true}]}}