{"id":7837,"date":"2021-06-23T05:37:12","date_gmt":"2021-06-23T05:37:12","guid":{"rendered":"https:\/\/losthorizon.farm\/?page_id=7837"},"modified":"2021-11-02T07:12:36","modified_gmt":"2021-11-02T07:12:36","slug":"cancellation-rights","status":"publish","type":"page","link":"https:\/\/losthorizon.farm\/en\/cancellation-rights\/","title":{"rendered":"Cancellation Rights"},"content":{"rendered":"\n<p><strong>Widerrufsrecht f\u00fcr Verbraucher&nbsp;<\/strong><strong><\/strong><br>(Verbraucher ist jede nat\u00fcrliche Person, die ein Rechtsgesch\u00e4ft zu Zwecken abschlie\u00dft, die \u00fcberwiegend weder ihrer gewerblichen noch ihrer selbstst\u00e4ndigen beruflichen T\u00e4tigkeit zugerechnet werden k\u00f6nnen.)<\/p>\n\n\n\n<p><strong>Widerrufsbelehrung<\/strong><\/p>\n\n\n\n<p><strong>Widerrufsrecht<\/strong><br>Sie haben das Recht, binnen 14 Tagen ohne Angabe von Gr\u00fcnden diesen Vertrag zu widerrufen.<br>Die Widerrufsfrist betr\u00e4gt 14 Tage ab dem Tag,<\/p>\n\n\n\n<p>\u2013 an dem Sie oder ein von Ihnen benannter Dritter, der nicht der Bef\u00f6rderer ist, die Waren in Besitz genommen haben bzw. hat, sofern Sie eine oder mehrere Waren im Rahmen einer einheitlichen Bestellung bestellt haben und diese einheitlich geliefert wird bzw. werden;<\/p>\n\n\n\n<p>\u2013 an dem Sie oder ein von Ihnen benannter Dritter, der nicht der Bef\u00f6rderer ist, die letzte Ware in Besitz genommen haben bzw. hat, sofern Sie mehrere Waren im Rahmen einer einheitlichen Bestellung bestellt haben und diese getrennt geliefert werden;<\/p>\n\n\n\n<p>\u2013 an dem Sie oder ein von Ihnen benannter Dritter, der nicht der Bef\u00f6rderer ist, die letzte Teilsendung oder das letzte St\u00fcck in Besitz genommen haben bzw. hat, sofern Sie eine Ware bestellt haben, die in mehreren Teilsendungen oder St\u00fccken geliefert wird;<\/p>\n\n\n\n<p>\u2013 an dem Sie oder ein von Ihnen benannter Dritter, der nicht der Bef\u00f6rderer ist, die erste Ware in Besitz genommen haben bzw. hat, sofern im Rahmen einer Bestellung Waren zur regelm\u00e4\u00dfigen Lieferung \u00fcber einen festgelegten Zeitraum hinweg geliefert werden.<\/p>\n\n\n\n<p>Um Ihr Widerrufsrecht auszu\u00fcben, m\u00fcssen Sie uns&nbsp;<strong>(<\/strong>Buddelship Brauerei GmbH,&nbsp;Beim Andreasbrunnen 2,&nbsp;20249 Hamburg,&nbsp;Deutschland,&nbsp;Tel.:&nbsp;+49 4054809800,&nbsp;E-Mail:&nbsp;<a href=\"mailto:info@losthorizon.farm,\">info@losthorizon.farm,<\/a>&nbsp;Website: https:\/\/losthorizon.farm<strong>)<\/strong>&nbsp;mittels einer eindeutigen Erkl\u00e4rung (z.B. ein mit der Post versandter Brief, Telefax oder E-Mail) \u00fcber Ihren Entschluss, diesen Vertrag zu widerrufen, informieren. Sie k\u00f6nnen daf\u00fcr das beigef\u00fcgte Muster-Widerrufsformular verwenden, das jedoch nicht vorgeschrieben ist.<\/p>\n\n\n\n<p>Zur Wahrung der Widerrufsfrist reicht es aus, dass Sie die Mitteilung \u00fcber die Aus\u00fcbung des Widerrufsrechts vor Ablauf der Widerrufsfrist absenden.<\/p>\n\n\n\n<p><strong>Folgen des Widerrufs<\/strong><\/p>\n\n\n\n<p>Wenn Sie diesen Vertrag widerrufen, haben wir Ihnen alle Zahlungen, die wir von Ihnen erhalten haben, einschlie\u00dflich der Lieferkosten (mit Ausnahme der zus\u00e4tzlichen Kosten, die sich daraus ergeben, dass Sie eine andere Art der Lieferung als die von uns angebotene, g\u00fcnstigste Standardlieferung gew\u00e4hlt haben), unverz\u00fcglich und sp\u00e4testens binnen 14&nbsp;Tagen&nbsp;ab dem Tag zur\u00fcckzuzahlen, an dem die Mitteilung \u00fcber Ihren Widerruf dieses Vertrags bei uns eingegangen ist. F\u00fcr diese R\u00fcckzahlung verwenden wir dasselbe Zahlungsmittel, das Sie bei der urspr\u00fcnglichen Transaktion eingesetzt haben, es sei denn, mit Ihnen wurde ausdr\u00fccklich etwas anderes vereinbart; in keinem Fall werden Ihnen wegen dieser R\u00fcckzahlung Entgelte berechnet.<\/p>\n\n\n\n<p>Wir k\u00f6nnen die R\u00fcckzahlung verweigern, bis wir die Waren wieder zur\u00fcckerhalten haben oder bis Sie den Nachweis erbracht haben, dass Sie die Waren zur\u00fcckgesandt haben, je nachdem, welches der fr\u00fchere Zeitpunkt ist.<\/p>\n\n\n\n<p>Sie haben die Waren unverz\u00fcglich und in jedem Fall sp\u00e4testens binnen 14&nbsp;Tagen&nbsp;ab dem Tag, an dem Sie uns \u00fcber den Widerruf dieses Vertrags unterrichten, an uns&nbsp;zur\u00fcckzusenden oder zu \u00fcbergeben. Die Frist ist gewahrt, wenn Sie die Waren vor Ablauf der Frist von&nbsp;14 Tagen&nbsp;absenden.<\/p>\n\n\n\n<p>Sie tragen die unmittelbaren Kosten der R\u00fccksendung der Waren.<\/p>\n\n\n\n<p>Sie m\u00fcssen f\u00fcr einen etwaigen Wertverlust der Waren nur aufkommen, wenn dieser Wertverlust auf einen zur Pr\u00fcfung der Beschaffenheit, Eigenschaften und Funktionsweise der Waren nicht notwendigen Umgang mit ihnen zur\u00fcckzuf\u00fchren ist.<\/p>\n\n\n\n<p><strong>Ausschluss- bzw. Erl\u00f6schensgr\u00fcnde<\/strong><\/p>\n\n\n\n<p>Das Widerrufsrecht besteht nicht bei Vertr\u00e4gen<\/p>\n\n\n\n<p>\u2013 zur Lieferung von Waren, die nicht vorgefertigt sind und f\u00fcr deren Herstellung eine individuelle Auswahl oder Bestimmung durch den Verbraucher ma\u00dfgeblich ist oder die eindeutig auf die pers\u00f6nlichen Bed\u00fcrfnisse des Verbrauchers zugeschnitten sind;<br>\u2013 zur Lieferung von Waren, die schnell verderben k\u00f6nnen oder deren Verfallsdatum schnell \u00fcberschritten w\u00fcrde;<br>\u2013 zur Lieferung alkoholischer Getr\u00e4nke, deren Preis bei Vertragsschluss vereinbart wurde, die aber fr\u00fchestens 30 Tage nach Vertragsschluss geliefert werden k\u00f6nnen und deren aktueller Wert von Schwankungen auf dem Markt abh\u00e4ngt, auf die der Unternehmer keinen Einfluss hat;<br>\u2013 zur Lieferung von Zeitungen, Zeitschriften oder Illustrierten mit Ausnahme von Abonnement-Vertr\u00e4gen.<\/p>\n\n\n\n<p>Das Widerrufsrecht erlischt vorzeitig bei Vertr\u00e4gen<\/p>\n\n\n\n<p>\u2013 zur Lieferung versiegelter Waren, die aus Gr\u00fcnden des Gesundheitsschutzes oder der Hygiene nicht zur R\u00fcckgabe geeignet sind, wenn ihre Versiegelung nach der Lieferung entfernt wurde;<br>\u2013 zur Lieferung von Waren, wenn diese nach der Lieferung aufgrund ihrer Beschaffenheit untrennbar mit anderen G\u00fctern vermischt wurden;<br>\u2013 zur Lieferung von Ton- oder Videoaufnahmen oder Computersoftware in einer versiegelten Packung, wenn die Versiegelung nach der Lieferung entfernt wurde.<\/p>\n\n\n\n<hr class=\"wp-block-separator\"\/>\n\n\n\n<p><br><strong>Muster-Widerrufsformular<\/strong><\/p>\n\n\n\n<p>(Wenn Sie den Vertrag widerrufen wollen, dann f\u00fcllen Sie bitte dieses Formular aus und senden Sie es zur\u00fcck.)<\/p>\n\n\n\n<p>\u2013 An&nbsp;Buddelship Brauerei GmbH,&nbsp;Beim Andreasbrunnen 2,&nbsp;20249 Hamburg,&nbsp;Deutschland,&nbsp;Tel.:&nbsp;+49 4054809800,&nbsp;E-Mail:&nbsp;<a href=\"mailto:info@losthorizon.farm,\">info@losthorizon.farm,<\/a>&nbsp;Website: https:\/\/losthorizon.farm&nbsp;:<\/p>\n\n\n\n<p>\u2013 Hiermit widerrufe(n) ich\/ wir (*) den von mir\/ uns (*) abgeschlossenen Vertrag \u00fcber den Kauf der folgenden Waren (*)\/<br>die Erbringung der folgenden Dienstleistung (*)<\/p>\n\n\n\n<p>\u2013 Bestellt am (*)\/ erhalten am (*)<\/p>\n\n\n\n<p>\u2013 Name des\/ der Verbraucher(s)<br>\u2013 Anschrift des\/ der Verbraucher(s)<br>\u2013 Unterschrift des\/ der Verbraucher(s) (nur bei Mitteilung auf Papier)<br>\u2013 Datum<\/p>\n\n\n\n<p>(*) Unzutreffendes streichen.<\/p>\n","protected":false},"excerpt":{"rendered":"<p>Widerrufsrecht f\u00fcr Verbraucher&nbsp;(Verbraucher ist jede nat\u00fcrliche Person, die ein Rechtsgesch\u00e4ft zu Zwecken abschlie\u00dft, die \u00fcberwiegend weder ihrer gewerblichen noch ihrer selbstst\u00e4ndigen beruflichen T\u00e4tigkeit zugerechnet werden k\u00f6nnen.) Widerrufsbelehrung WiderrufsrechtSie haben das Recht, binnen 14 Tagen ohne Angabe von Gr\u00fcnden diesen Vertrag [&hellip;]<\/p>\n","protected":false},"author":1,"featured_media":0,"parent":0,"menu_order":0,"comment_status":"closed","ping_status":"closed","template":"","meta":{"_acf_changed":false,"inline_featured_image":false,"footnotes":""},"class_list":["post-7837","page","type-page","status-publish","hentry"],"acf":[],"yoast_head":"<!-- This site is optimized with the Yoast SEO plugin v24.9 - https:\/\/yoast.com\/wordpress\/plugins\/seo\/ -->\n<title>Cancellation Rights - Lost Horizon Farm<\/title>\n<meta name=\"robots\" content=\"index, follow, max-snippet:-1, max-image-preview:large, max-video-preview:-1\" \/>\n<link rel=\"canonical\" href=\"https:\/\/losthorizon.farm\/en\/cancellation-rights\/\" \/>\n<meta property=\"og:locale\" content=\"en_US\" \/>\n<meta property=\"og:type\" content=\"article\" \/>\n<meta property=\"og:title\" content=\"Cancellation Rights - Lost Horizon Farm\" \/>\n<meta property=\"og:description\" content=\"Widerrufsrecht f\u00fcr Verbraucher&nbsp;(Verbraucher ist jede nat\u00fcrliche Person, die ein Rechtsgesch\u00e4ft zu Zwecken abschlie\u00dft, die \u00fcberwiegend weder ihrer gewerblichen noch ihrer selbstst\u00e4ndigen beruflichen T\u00e4tigkeit zugerechnet werden k\u00f6nnen.) Widerrufsbelehrung WiderrufsrechtSie haben das Recht, binnen 14 Tagen ohne Angabe von Gr\u00fcnden diesen Vertrag [&hellip;]\" \/>\n<meta property=\"og:url\" content=\"https:\/\/losthorizon.farm\/en\/cancellation-rights\/\" \/>\n<meta property=\"og:site_name\" content=\"Lost Horizon Farm\" \/>\n<meta property=\"article:modified_time\" content=\"2021-11-02T07:12:36+00:00\" \/>\n<meta name=\"twitter:card\" content=\"summary_large_image\" \/>\n<meta name=\"twitter:label1\" content=\"Est. reading time\" \/>\n\t<meta name=\"twitter:data1\" content=\"4 minutes\" \/>\n<script type=\"application\/ld+json\" class=\"yoast-schema-graph\">{\"@context\":\"https:\/\/schema.org\",\"@graph\":[{\"@type\":\"WebPage\",\"@id\":\"https:\/\/losthorizon.farm\/en\/cancellation-rights\/\",\"url\":\"https:\/\/losthorizon.farm\/en\/cancellation-rights\/\",\"name\":\"Cancellation Rights - Lost Horizon Farm\",\"isPartOf\":{\"@id\":\"https:\/\/www.losthorizon.farm\/#website\"},\"datePublished\":\"2021-06-23T05:37:12+00:00\",\"dateModified\":\"2021-11-02T07:12:36+00:00\",\"breadcrumb\":{\"@id\":\"https:\/\/losthorizon.farm\/en\/cancellation-rights\/#breadcrumb\"},\"inLanguage\":\"en-US\",\"potentialAction\":[{\"@type\":\"ReadAction\",\"target\":[\"https:\/\/losthorizon.farm\/en\/cancellation-rights\/\"]}]},{\"@type\":\"BreadcrumbList\",\"@id\":\"https:\/\/losthorizon.farm\/en\/cancellation-rights\/#breadcrumb\",\"itemListElement\":[{\"@type\":\"ListItem\",\"position\":1,\"name\":\"Startseite\",\"item\":\"https:\/\/www.losthorizon.farm\/en\/\"},{\"@type\":\"ListItem\",\"position\":2,\"name\":\"Cancellation Rights\"}]},{\"@type\":\"WebSite\",\"@id\":\"https:\/\/www.losthorizon.farm\/#website\",\"url\":\"https:\/\/www.losthorizon.farm\/\",\"name\":\"Lost Horizon Farm\",\"description\":\"Farmhouse Ales and Spirits\",\"potentialAction\":[{\"@type\":\"SearchAction\",\"target\":{\"@type\":\"EntryPoint\",\"urlTemplate\":\"https:\/\/www.losthorizon.farm\/?s={search_term_string}\"},\"query-input\":{\"@type\":\"PropertyValueSpecification\",\"valueRequired\":true,\"valueName\":\"search_term_string\"}}],\"inLanguage\":\"en-US\"}]}<\/script>\n<!-- \/ Yoast SEO plugin. -->","yoast_head_json":{"title":"Cancellation Rights - Lost Horizon Farm","robots":{"index":"index","follow":"follow","max-snippet":"max-snippet:-1","max-image-preview":"max-image-preview:large","max-video-preview":"max-video-preview:-1"},"canonical":"https:\/\/losthorizon.farm\/en\/cancellation-rights\/","og_locale":"en_US","og_type":"article","og_title":"Cancellation Rights - Lost Horizon Farm","og_description":"Widerrufsrecht f\u00fcr Verbraucher&nbsp;(Verbraucher ist jede nat\u00fcrliche Person, die ein Rechtsgesch\u00e4ft zu Zwecken abschlie\u00dft, die \u00fcberwiegend weder ihrer gewerblichen noch ihrer selbstst\u00e4ndigen beruflichen T\u00e4tigkeit zugerechnet werden k\u00f6nnen.) Widerrufsbelehrung WiderrufsrechtSie haben das Recht, binnen 14 Tagen ohne Angabe von Gr\u00fcnden diesen Vertrag [&hellip;]","og_url":"https:\/\/losthorizon.farm\/en\/cancellation-rights\/","og_site_name":"Lost Horizon Farm","article_modified_time":"2021-11-02T07:12:36+00:00","twitter_card":"summary_large_image","twitter_misc":{"Est. reading time":"4 minutes"},"schema":{"@context":"https:\/\/schema.org","@graph":[{"@type":"WebPage","@id":"https:\/\/losthorizon.farm\/en\/cancellation-rights\/","url":"https:\/\/losthorizon.farm\/en\/cancellation-rights\/","name":"Cancellation Rights - Lost Horizon Farm","isPartOf":{"@id":"https:\/\/www.losthorizon.farm\/#website"},"datePublished":"2021-06-23T05:37:12+00:00","dateModified":"2021-11-02T07:12:36+00:00","breadcrumb":{"@id":"https:\/\/losthorizon.farm\/en\/cancellation-rights\/#breadcrumb"},"inLanguage":"en-US","potentialAction":[{"@type":"ReadAction","target":["https:\/\/losthorizon.farm\/en\/cancellation-rights\/"]}]},{"@type":"BreadcrumbList","@id":"https:\/\/losthorizon.farm\/en\/cancellation-rights\/#breadcrumb","itemListElement":[{"@type":"ListItem","position":1,"name":"Startseite","item":"https:\/\/www.losthorizon.farm\/en\/"},{"@type":"ListItem","position":2,"name":"Cancellation Rights"}]},{"@type":"WebSite","@id":"https:\/\/www.losthorizon.farm\/#website","url":"https:\/\/www.losthorizon.farm\/","name":"Lost Horizon Farm","description":"Farmhouse Ales and Spirits","potentialAction":[{"@type":"SearchAction","target":{"@type":"EntryPoint","urlTemplate":"https:\/\/www.losthorizon.farm\/?s={search_term_string}"},"query-input":{"@type":"PropertyValueSpecification","valueRequired":true,"valueName":"search_term_string"}}],"inLanguage":"en-US"}]}},"_links":{"self":[{"href":"https:\/\/losthorizon.farm\/en\/wp-json\/wp\/v2\/pages\/7837","targetHints":{"allow":["GET"]}}],"collection":[{"href":"https:\/\/losthorizon.farm\/en\/wp-json\/wp\/v2\/pages"}],"about":[{"href":"https:\/\/losthorizon.farm\/en\/wp-json\/wp\/v2\/types\/page"}],"author":[{"embeddable":true,"href":"https:\/\/losthorizon.farm\/en\/wp-json\/wp\/v2\/users\/1"}],"replies":[{"embeddable":true,"href":"https:\/\/losthorizon.farm\/en\/wp-json\/wp\/v2\/comments?post=7837"}],"version-history":[{"count":3,"href":"https:\/\/losthorizon.farm\/en\/wp-json\/wp\/v2\/pages\/7837\/revisions"}],"predecessor-version":[{"id":8464,"href":"https:\/\/losthorizon.farm\/en\/wp-json\/wp\/v2\/pages\/7837\/revisions\/8464"}],"wp:attachment":[{"href":"https:\/\/losthorizon.farm\/en\/wp-json\/wp\/v2\/media?parent=7837"}],"curies":[{"name":"wp","href":"https:\/\/api.w.org\/{rel}","templated":true}]}}